{"id":912,"date":"2025-10-17T11:43:35","date_gmt":"2025-10-17T09:43:35","guid":{"rendered":"https:\/\/vincentavenelhypnose.com\/?page_id=912"},"modified":"2025-11-27T17:29:58","modified_gmt":"2025-11-27T16:29:58","slug":"harmonisation-haarpe","status":"publish","type":"page","link":"https:\/\/vincentavenelhypnose.com\/index.php\/harmonisation-haarpe\/","title":{"rendered":"HAARPE"},"content":{"rendered":"\n<figure class=\"wp-block-image size-large is-resized\"><img loading=\"lazy\" decoding=\"async\" width=\"1024\" height=\"682\" src=\"https:\/\/vincentavenelhypnose.com\/wp-content\/uploads\/2025\/10\/HAARPE-texte-1024x682.png\" alt=\"\" class=\"wp-image-928\" style=\"width:471px;height:auto\" srcset=\"https:\/\/vincentavenelhypnose.com\/wp-content\/uploads\/2025\/10\/HAARPE-texte-1024x682.png 1024w, https:\/\/vincentavenelhypnose.com\/wp-content\/uploads\/2025\/10\/HAARPE-texte-300x200.png 300w, https:\/\/vincentavenelhypnose.com\/wp-content\/uploads\/2025\/10\/HAARPE-texte-768x511.png 768w, https:\/\/vincentavenelhypnose.com\/wp-content\/uploads\/2025\/10\/HAARPE-texte-1536x1022.png 1536w, https:\/\/vincentavenelhypnose.com\/wp-content\/uploads\/2025\/10\/HAARPE-texte.png 1920w\" sizes=\"auto, (max-width: 767px) 89vw, (max-width: 1000px) 54vw, (max-width: 1071px) 543px, 580px\" \/><\/figure>\n\n\n\n<h3 class=\"wp-block-heading\"><strong>Qu\u2019est-ce que l\u2019Harmonisation Haarpe\u2122 ?<\/strong><\/h3>\n\n\n\n<p>Issue des travaux de Frank Platzek et Florent Bissiriex, l\u2019Harmonisation Energ\u00e9tique est \u00e0 la base de la m\u00e9thode HAARPE\u2122 et en reste la porte d\u2019entr\u00e9e exclusive car il est crucial de conna\u00eetre l\u2019harmonie dans son corps et dans son esprit pour mieux d\u00e9velopper ensuite ses r\u00e9sonance avec le monde et \u00eatre source d\u2019abondance.<\/p>\n\n\n\n<p>B\u00e9n\u00e9ficier d\u2019une s\u00e9ance d\u2019harmonisation est un cadeau \u00e0 se faire en premier lieu pour se red\u00e9couvrir et prendre un vrai temps pour soi.<\/p>\n\n\n\n<p>C\u2019est surtout une fa\u00e7on soft et puissante d\u2019enlever son stress et retrouver calme, distance et s\u00e9r\u00e9nit\u00e9.<\/p>\n\n\n\n<h3 class=\"wp-block-heading\" id=\"comment-ca-marche\"><strong>Comment \u00e7a se passe ?<\/strong><\/h3>\n\n\n\n<p>Le travail de R\u00e9-Harmonisation HAARPE est un protocole \u00e9nerg\u00e9tique doux et concret bas\u00e9 sur la stimulation de diff\u00e9rents points vibratoires plac\u00e9s sur le visage et la nuque.<\/p>\n\n\n\n<p>Ce travail de stimulation se fait alors que vous \u00eates allong\u00e9(e) et habill\u00e9(e).<br>La stimulation de ces points se fait juste par un toucher l\u00e9ger avec la pulpe de mes doigts pendant quelques minutes, sans pression et sans mouvement.<\/p>\n\n\n\n<p>Cette m\u00e9thode n&rsquo;a pas d&rsquo;objectif th\u00e9rapeutique direct. Elle constitue avant tout un moyen de s&rsquo;accorder un temps pour se poser, s&rsquo;apaiser et retrouver un \u00e9quilibre physique et \u00e9motionnel.<\/p>\n\n\n\n<p>B\u00e9n\u00e9fique quel que soit l&rsquo;\u00e2ge, l&rsquo;Harmonisation Haarpe s&rsquo;adresse \u00e0 tous, adultes et adolescents.<\/p>\n\n\n\n<p><strong>tarif par s\u00e9ance <\/strong>: 45 euros (dur\u00e9e : 45 minutes environ)<br><\/p>\n\n\n\n<p><\/p>\n","protected":false},"excerpt":{"rendered":"<p>Qu\u2019est-ce que l\u2019Harmonisation Haarpe\u2122 ? Issue des travaux de Frank Platzek et Florent Bissiriex, l\u2019Harmonisation Energ\u00e9tique est \u00e0 la base de la m\u00e9thode HAARPE\u2122 et en reste la porte d\u2019entr\u00e9e exclusive car il est crucial de conna\u00eetre l\u2019harmonie dans son corps et dans son esprit pour mieux d\u00e9velopper ensuite ses r\u00e9sonance avec le monde et &hellip; <\/p>\n<p class=\"link-more\"><a href=\"https:\/\/vincentavenelhypnose.com\/index.php\/harmonisation-haarpe\/\" class=\"more-link\">Continuer la lecture<span class=\"screen-reader-text\"> de &laquo;&nbsp;HAARPE&nbsp;&raquo;<\/span><\/a><\/p>\n","protected":false},"author":1,"featured_media":0,"parent":0,"menu_order":0,"comment_status":"closed","ping_status":"closed","template":"","meta":{"_editorskit_title_hidden":false,"_editorskit_reading_time":0,"_editorskit_is_block_options_detached":false,"_editorskit_block_options_position":"{}","footnotes":""},"class_list":["post-912","page","type-page","status-publish","hentry"],"_links":{"self":[{"href":"https:\/\/vincentavenelhypnose.com\/index.php\/wp-json\/wp\/v2\/pages\/912","targetHints":{"allow":["GET"]}}],"collection":[{"href":"https:\/\/vincentavenelhypnose.com\/index.php\/wp-json\/wp\/v2\/pages"}],"about":[{"href":"https:\/\/vincentavenelhypnose.com\/index.php\/wp-json\/wp\/v2\/types\/page"}],"author":[{"embeddable":true,"href":"https:\/\/vincentavenelhypnose.com\/index.php\/wp-json\/wp\/v2\/users\/1"}],"replies":[{"embeddable":true,"href":"https:\/\/vincentavenelhypnose.com\/index.php\/wp-json\/wp\/v2\/comments?post=912"}],"version-history":[{"count":20,"href":"https:\/\/vincentavenelhypnose.com\/index.php\/wp-json\/wp\/v2\/pages\/912\/revisions"}],"predecessor-version":[{"id":1002,"href":"https:\/\/vincentavenelhypnose.com\/index.php\/wp-json\/wp\/v2\/pages\/912\/revisions\/1002"}],"wp:attachment":[{"href":"https:\/\/vincentavenelhypnose.com\/index.php\/wp-json\/wp\/v2\/media?parent=912"}],"curies":[{"name":"wp","href":"https:\/\/api.w.org\/{rel}","templated":true}]}}