{"id":8,"date":"2019-11-20T16:47:27","date_gmt":"2019-11-20T15:47:27","guid":{"rendered":"http:\/\/vincentavenelhypnose.com\/?page_id=8"},"modified":"2022-01-27T09:47:24","modified_gmt":"2022-01-27T08:47:24","slug":"hypnose","status":"publish","type":"page","link":"https:\/\/vincentavenelhypnose.com\/index.php\/hypnose\/","title":{"rendered":"L&rsquo;hypnose"},"content":{"rendered":"\n<h3 class=\"wp-block-heading\" id=\"l-hypnose-qu-est-ce-que-c-est\"><strong>L&rsquo;hypnose, qu&rsquo;est-ce que c&rsquo;est ?<\/strong><\/h3>\n\n\n\n<p class=\"has-very-dark-gray-color has-text-color\"><span style=\"text-decoration: underline;\">L&rsquo;hypnose est un ph\u00e9nom\u00e8ne naturel<\/span>, exp\u00e9riment\u00e9 par chacun de nous sans forc\u00e9ment s&rsquo;en rendre compte ou sans lui donner ce nom. Cela se produit chez la plupart des gens, tous les jours, toutes les 90 minutes environ. Par exemple lorsque nous nous absorbons dans la conduite de notre voiture ou dans la lecture d&rsquo;un livre, ou bien lorsque nous sommes pleinement concentr\u00e9s sur notre travail ou dans une activit\u00e9 artistique ou sportive, au point d&rsquo;en perdre la notion du temps.<\/p>\n\n\n\n<p class=\"has-very-dark-gray-color has-text-color\">Ce moment, o\u00f9 la conscience est au repos et o\u00f9 l&rsquo;inconscient est pleinement pr\u00e9sent, permet un \u00e9tat de perception \u00e9largie et facilite le changement de point de vue,  ce qui rend possible l&rsquo;\u00e9tude et l&rsquo;adaptation de nos comportements, suivant les objectifs que nous nous sommes d\u00e9termin\u00e9s.<\/p>\n\n\n\n<p>Utiliser l&rsquo;hypnose comme outil th\u00e9rapeutique permet d&rsquo;aller chercher en soi toutes les ressources n\u00e9cessaires pour effectuer les changements d\u00e9sir\u00e9s, sans qu&rsquo;il soit n\u00e9cessaire de savoir pourquoi on se sent mal mais plut\u00f4t comment faire pour aller mieux.  <\/p>\n\n\n\n<p>Le th\u00e9rapeute est l\u00e0 pour vous accompagner et vous aider \u00e0 ouvrir les portes d&rsquo;acc\u00e8s \u00e0 vos ressources inconscientes. En aucun cas, il n&rsquo;est l\u00e0 pour vous imposer ce qu&rsquo;il faut faire ou penser.<\/p>\n\n\n\n<h3 class=\"wp-block-heading\" id=\"l-hypnose-ericksonienne-une-approche-tout-en-douceur\"><strong>L&rsquo;Hypnose Ericksonienne, une approche tout en douceur<\/strong><\/h3>\n\n\n\n<p class=\"has-very-dark-gray-color has-text-color\">Le monde du spectacle nous a impos\u00e9 une vision de l&rsquo;hypnose, bas\u00e9e sur une approche directive, o\u00f9 le sujet semble perdre le contr\u00f4le de lui-m\u00eame, jusqu&rsquo;\u00e0 risquer parfois le ridicule. C&rsquo;est une m\u00e9thode qui est uniquement destin\u00e9e \u00e0 distraire un public et seuls environ 20% environ des gens y sont r\u00e9ceptifs.<\/p>\n\n\n\n<p>L&rsquo;Hypnose Ericksonienne, \u00e0 l&rsquo;oppos\u00e9, n&rsquo;impose rien et utilise une approche permissive dans un but th\u00e9rapeutique. Dans cet \u00e9tat hypnotique, vous entendez tout ce qui se passe et vous pouvez bouger, parler, sans perdre le contr\u00f4le.  Vous devez ainsi acteur de votre propre changement.  C&rsquo;est une approche tout en douceur qui int\u00e8gre vos ressentis du moment,  vos caract\u00e9ristiques psychologiques, ce que vous aimez, votre fa\u00e7on de parler, votre vision du monde&#8230; et tout le monde y est r\u00e9ceptif.<\/p>\n\n\n\n<p>Cette pratique est issue des travaux de <a href=\"https:\/\/www.psychologies.com\/Therapies\/Toutes-les-therapies\/Therapies-breves\/Articles-et-Dossiers\/Methode-L-hypnose-ericksonienne\">Milton Erickson<\/a>,  consid\u00e9r\u00e9 comme le fondateur du courant des th\u00e9rapies br\u00e8ves, et qui a notamment influenc\u00e9 les membres de l&rsquo;\u00e9cole de&nbsp;<a rel=\"noreferrer noopener\" href=\"https:\/\/www.psychologies.com\/Therapies\/Toutes-les-therapies\/Psychotherapies\/Livres\/L-Ecole-de-Palo-Alto\" target=\"_blank\">Palo Alto<\/a>, et les cr\u00e9ateurs de la programmation-neuro-linguistique. <\/p>\n","protected":false},"excerpt":{"rendered":"<p>L&rsquo;hypnose, qu&rsquo;est-ce que c&rsquo;est ? L&rsquo;hypnose est un ph\u00e9nom\u00e8ne naturel, exp\u00e9riment\u00e9 par chacun de nous sans forc\u00e9ment s&rsquo;en rendre compte ou sans lui donner ce nom. Cela se produit chez la plupart des gens, tous les jours, toutes les 90 minutes environ. Par exemple lorsque nous nous absorbons dans la conduite de notre voiture ou &hellip; <\/p>\n<p class=\"link-more\"><a href=\"https:\/\/vincentavenelhypnose.com\/index.php\/hypnose\/\" class=\"more-link\">Continuer la lecture<span class=\"screen-reader-text\"> de &laquo;&nbsp;L&rsquo;hypnose&nbsp;&raquo;<\/span><\/a><\/p>\n","protected":false},"author":1,"featured_media":0,"parent":0,"menu_order":0,"comment_status":"closed","ping_status":"closed","template":"","meta":{"_editorskit_title_hidden":false,"_editorskit_reading_time":0,"_editorskit_is_block_options_detached":false,"_editorskit_block_options_position":"{}","footnotes":""},"class_list":["post-8","page","type-page","status-publish","hentry"],"_links":{"self":[{"href":"https:\/\/vincentavenelhypnose.com\/index.php\/wp-json\/wp\/v2\/pages\/8","targetHints":{"allow":["GET"]}}],"collection":[{"href":"https:\/\/vincentavenelhypnose.com\/index.php\/wp-json\/wp\/v2\/pages"}],"about":[{"href":"https:\/\/vincentavenelhypnose.com\/index.php\/wp-json\/wp\/v2\/types\/page"}],"author":[{"embeddable":true,"href":"https:\/\/vincentavenelhypnose.com\/index.php\/wp-json\/wp\/v2\/users\/1"}],"replies":[{"embeddable":true,"href":"https:\/\/vincentavenelhypnose.com\/index.php\/wp-json\/wp\/v2\/comments?post=8"}],"version-history":[{"count":42,"href":"https:\/\/vincentavenelhypnose.com\/index.php\/wp-json\/wp\/v2\/pages\/8\/revisions"}],"predecessor-version":[{"id":643,"href":"https:\/\/vincentavenelhypnose.com\/index.php\/wp-json\/wp\/v2\/pages\/8\/revisions\/643"}],"wp:attachment":[{"href":"https:\/\/vincentavenelhypnose.com\/index.php\/wp-json\/wp\/v2\/media?parent=8"}],"curies":[{"name":"wp","href":"https:\/\/api.w.org\/{rel}","templated":true}]}}