{"id":432,"date":"2020-09-16T13:02:04","date_gmt":"2020-09-16T11:02:04","guid":{"rendered":"http:\/\/vincentavenelhypnose.com\/?page_id=432"},"modified":"2025-10-17T17:17:13","modified_gmt":"2025-10-17T15:17:13","slug":"mon-actualite","status":"publish","type":"page","link":"https:\/\/vincentavenelhypnose.com\/index.php\/mon-actualite\/","title":{"rendered":"Actualit\u00e9"},"content":{"rendered":"\n<figure class=\"wp-block-image size-large is-resized\"><img loading=\"lazy\" decoding=\"async\" width=\"1024\" height=\"1024\" src=\"https:\/\/vincentavenelhypnose.com\/wp-content\/uploads\/2025\/09\/Atelier-Initiation-EFT-11102025-1024x1024.png\" alt=\"\" class=\"wp-image-910\" style=\"width:544px;height:auto\" srcset=\"https:\/\/vincentavenelhypnose.com\/wp-content\/uploads\/2025\/09\/Atelier-Initiation-EFT-11102025-1024x1024.png 1024w, https:\/\/vincentavenelhypnose.com\/wp-content\/uploads\/2025\/09\/Atelier-Initiation-EFT-11102025-300x300.png 300w, https:\/\/vincentavenelhypnose.com\/wp-content\/uploads\/2025\/09\/Atelier-Initiation-EFT-11102025-150x150.png 150w, https:\/\/vincentavenelhypnose.com\/wp-content\/uploads\/2025\/09\/Atelier-Initiation-EFT-11102025-768x768.png 768w, https:\/\/vincentavenelhypnose.com\/wp-content\/uploads\/2025\/09\/Atelier-Initiation-EFT-11102025-100x100.png 100w, https:\/\/vincentavenelhypnose.com\/wp-content\/uploads\/2025\/09\/Atelier-Initiation-EFT-11102025.png 1080w\" sizes=\"auto, (max-width: 767px) 89vw, (max-width: 1000px) 54vw, (max-width: 1071px) 543px, 580px\" \/><\/figure>\n\n\n\n<p><\/p>\n\n\n\n<p><\/p>\n\n\n\n<p><\/p>\n\n\n\n<figure class=\"wp-block-image size-full is-resized\"><img loading=\"lazy\" decoding=\"async\" width=\"524\" height=\"720\" src=\"https:\/\/vincentavenelhypnose.com\/wp-content\/uploads\/2024\/12\/image.png\" alt=\"\" class=\"wp-image-852\" style=\"width:535px;height:auto\" srcset=\"https:\/\/vincentavenelhypnose.com\/wp-content\/uploads\/2024\/12\/image.png 524w, https:\/\/vincentavenelhypnose.com\/wp-content\/uploads\/2024\/12\/image-218x300.png 218w\" sizes=\"auto, (max-width: 524px) 100vw, 524px\" \/><\/figure>\n\n\n\n<figure class=\"wp-block-image size-large is-resized\"><img loading=\"lazy\" decoding=\"async\" width=\"724\" height=\"1024\" src=\"https:\/\/vincentavenelhypnose.com\/wp-content\/uploads\/2024\/12\/SALON-ID-HALLES_Affiche-2024-724x1024.jpg\" alt=\"\" class=\"wp-image-850\" style=\"width:536px;height:auto\" srcset=\"https:\/\/vincentavenelhypnose.com\/wp-content\/uploads\/2024\/12\/SALON-ID-HALLES_Affiche-2024-724x1024.jpg 724w, https:\/\/vincentavenelhypnose.com\/wp-content\/uploads\/2024\/12\/SALON-ID-HALLES_Affiche-2024-212x300.jpg 212w, https:\/\/vincentavenelhypnose.com\/wp-content\/uploads\/2024\/12\/SALON-ID-HALLES_Affiche-2024-768x1086.jpg 768w, https:\/\/vincentavenelhypnose.com\/wp-content\/uploads\/2024\/12\/SALON-ID-HALLES_Affiche-2024-1086x1536.jpg 1086w, https:\/\/vincentavenelhypnose.com\/wp-content\/uploads\/2024\/12\/SALON-ID-HALLES_Affiche-2024-1448x2048.jpg 1448w, https:\/\/vincentavenelhypnose.com\/wp-content\/uploads\/2024\/12\/SALON-ID-HALLES_Affiche-2024.jpg 1587w\" sizes=\"auto, (max-width: 724px) 100vw, 724px\" \/><\/figure>\n\n\n\n<figure class=\"wp-block-image size-full is-resized\"><img loading=\"lazy\" decoding=\"async\" width=\"940\" height=\"788\" src=\"https:\/\/vincentavenelhypnose.com\/wp-content\/uploads\/2024\/08\/CEST-LA-RENTREE-2024-Publication-Facebook.png\" alt=\"\" class=\"wp-image-819\" style=\"width:537px;height:auto\" srcset=\"https:\/\/vincentavenelhypnose.com\/wp-content\/uploads\/2024\/08\/CEST-LA-RENTREE-2024-Publication-Facebook.png 940w, https:\/\/vincentavenelhypnose.com\/wp-content\/uploads\/2024\/08\/CEST-LA-RENTREE-2024-Publication-Facebook-300x251.png 300w, https:\/\/vincentavenelhypnose.com\/wp-content\/uploads\/2024\/08\/CEST-LA-RENTREE-2024-Publication-Facebook-768x644.png 768w\" sizes=\"auto, (max-width: 767px) 89vw, (max-width: 1000px) 54vw, (max-width: 1071px) 543px, 580px\" \/><\/figure>\n\n\n\n<hr class=\"wp-block-separator has-alpha-channel-opacity is-style-wide\"\/>\n\n\n\n<figure class=\"wp-block-image size-full is-resized\"><img loading=\"lazy\" decoding=\"async\" width=\"720\" height=\"1010\" src=\"https:\/\/vincentavenelhypnose.com\/wp-content\/uploads\/2024\/08\/Affiche-salon-2024.jpg\" alt=\"\" class=\"wp-image-816\" style=\"width:538px;height:auto\" srcset=\"https:\/\/vincentavenelhypnose.com\/wp-content\/uploads\/2024\/08\/Affiche-salon-2024.jpg 720w, https:\/\/vincentavenelhypnose.com\/wp-content\/uploads\/2024\/08\/Affiche-salon-2024-214x300.jpg 214w\" sizes=\"auto, (max-width: 720px) 100vw, 720px\" \/><\/figure>\n\n\n\n<figure class=\"wp-block-image size-large is-resized\"><img loading=\"lazy\" decoding=\"async\" width=\"724\" height=\"1024\" src=\"https:\/\/vincentavenelhypnose.com\/wp-content\/uploads\/2024\/08\/Affiche-Salon-BioMonde-2023-724x1024.png\" alt=\"\" class=\"wp-image-814\" style=\"width:532px;height:auto\" srcset=\"https:\/\/vincentavenelhypnose.com\/wp-content\/uploads\/2024\/08\/Affiche-Salon-BioMonde-2023-724x1024.png 724w, https:\/\/vincentavenelhypnose.com\/wp-content\/uploads\/2024\/08\/Affiche-Salon-BioMonde-2023-212x300.png 212w, https:\/\/vincentavenelhypnose.com\/wp-content\/uploads\/2024\/08\/Affiche-Salon-BioMonde-2023-768x1086.png 768w, https:\/\/vincentavenelhypnose.com\/wp-content\/uploads\/2024\/08\/Affiche-Salon-BioMonde-2023-1086x1536.png 1086w, https:\/\/vincentavenelhypnose.com\/wp-content\/uploads\/2024\/08\/Affiche-Salon-BioMonde-2023-1448x2048.png 1448w, https:\/\/vincentavenelhypnose.com\/wp-content\/uploads\/2024\/08\/Affiche-Salon-BioMonde-2023.png 1587w\" sizes=\"auto, (max-width: 724px) 100vw, 724px\" \/><\/figure>\n\n\n\n<hr class=\"wp-block-separator has-alpha-channel-opacity is-style-wide\"\/>\n\n\n\n<p><strong>C&rsquo;est bient\u00f4t le SALON BIEN-ETRE et ARTISANAT \u00e0 Foug\u00e8res<\/strong><\/p>\n\n\n\n<p>Je vous retrouve le samedi 4 mars (10h-20h) et le dimanche 5 mars (10h-18h) \u00e0 l&rsquo;Espace Aumaillerie \u00e0 Foug\u00e8res.<\/p>\n\n\n\n<p>Nous aurons tout loisir d&rsquo;\u00e9changer autour des techniques d&rsquo;accompagnement vers le mieux-\u00eatre que sont l&rsquo;hypnose, la PNL, l&rsquo;EFT, le magn\u00e9tisme.<\/p>\n\n\n\n<p>Venez avec vos attentes, vos questions, vos pr\u00e9occupations, vos suggestions&#8230;<\/p>\n\n\n\n<figure class=\"wp-block-image size-full is-resized\"><img loading=\"lazy\" decoding=\"async\" width=\"720\" height=\"1012\" src=\"https:\/\/vincentavenelhypnose.com\/wp-content\/uploads\/2023\/02\/Salon_Speter_Fougerers.jpg\" alt=\"\" class=\"wp-image-800\" style=\"width:540px;height:759px\" srcset=\"https:\/\/vincentavenelhypnose.com\/wp-content\/uploads\/2023\/02\/Salon_Speter_Fougerers.jpg 720w, https:\/\/vincentavenelhypnose.com\/wp-content\/uploads\/2023\/02\/Salon_Speter_Fougerers-213x300.jpg 213w\" sizes=\"auto, (max-width: 720px) 100vw, 720px\" \/><\/figure>\n\n\n\n<hr class=\"wp-block-separator has-text-color has-black-color has-alpha-channel-opacity has-black-background-color has-background is-style-wide\"\/>\n\n\n\n<figure class=\"wp-block-image size-large is-resized\"><img loading=\"lazy\" decoding=\"async\" width=\"576\" height=\"1024\" src=\"https:\/\/vincentavenelhypnose.com\/wp-content\/uploads\/2022\/07\/Story-Guinguette-576x1024.png\" alt=\"\" class=\"wp-image-792\" style=\"width:432px;height:768px\" srcset=\"https:\/\/vincentavenelhypnose.com\/wp-content\/uploads\/2022\/07\/Story-Guinguette-576x1024.png 576w, https:\/\/vincentavenelhypnose.com\/wp-content\/uploads\/2022\/07\/Story-Guinguette-169x300.png 169w, https:\/\/vincentavenelhypnose.com\/wp-content\/uploads\/2022\/07\/Story-Guinguette-768x1365.png 768w, https:\/\/vincentavenelhypnose.com\/wp-content\/uploads\/2022\/07\/Story-Guinguette-864x1536.png 864w, https:\/\/vincentavenelhypnose.com\/wp-content\/uploads\/2022\/07\/Story-Guinguette.png 1080w\" sizes=\"auto, (max-width: 576px) 100vw, 576px\" \/><\/figure>\n\n\n\n<hr class=\"wp-block-separator has-text-color has-black-color has-alpha-channel-opacity has-black-background-color has-background is-style-wide\"\/>\n\n\n\n<figure class=\"wp-block-image size-full is-resized\"><img loading=\"lazy\" decoding=\"async\" width=\"940\" height=\"788\" src=\"https:\/\/vincentavenelhypnose.com\/wp-content\/uploads\/2022\/06\/Preparation-aux-examens_02062022.png\" alt=\"\" class=\"wp-image-777\" style=\"width:470px;height:394px\" srcset=\"https:\/\/vincentavenelhypnose.com\/wp-content\/uploads\/2022\/06\/Preparation-aux-examens_02062022.png 940w, https:\/\/vincentavenelhypnose.com\/wp-content\/uploads\/2022\/06\/Preparation-aux-examens_02062022-300x251.png 300w, https:\/\/vincentavenelhypnose.com\/wp-content\/uploads\/2022\/06\/Preparation-aux-examens_02062022-768x644.png 768w\" sizes=\"auto, (max-width: 767px) 89vw, (max-width: 1000px) 54vw, (max-width: 1071px) 543px, 580px\" \/><\/figure>\n\n\n\n<figure class=\"wp-block-gallery has-nested-images columns-default is-cropped wp-block-gallery-1 is-layout-flex wp-block-gallery-is-layout-flex\"><\/figure>\n\n\n\n<hr class=\"wp-block-separator has-text-color has-black-color has-css-opacity has-black-background-color has-background is-style-wide\"\/>\n\n\n\n<p><strong>SALON BIEN-ETRE ET PLAISIR <\/strong><\/p>\n\n\n\n<p style=\"font-size:19px\"><strong>le dimanche 20 septembre de 10h \u00e0 18h &#8211; Salle des Sports de BEAUCE <\/strong><\/p>\n\n\n\n<p>Je vous attends sur toute la dur\u00e9e du salon pour r\u00e9pondre \u00e0 vos questions, partager vos attentes, mette en place des solutions d&rsquo;accompagnement, faire la d\u00e9monstration de certaines techniques&#8230;<\/p>\n\n\n\n<p>Nous \u00e9changerons autour du travail et des techniques en <strong>Hypnose Ericksonienne, PNL, EFT, magn\u00e9tisme, m\u00e9thodes des points de Knap et points Trigger&#8230;<\/strong><\/p>\n\n\n\n<p><\/p>\n\n\n\n<figure class=\"wp-block-image size-large is-resized\"><img loading=\"lazy\" decoding=\"async\" width=\"628\" height=\"960\" src=\"https:\/\/vincentavenelhypnose.com\/wp-content\/uploads\/2020\/09\/Affiche-salon-Beauce_092020.jpg\" alt=\"\" class=\"wp-image-438\" style=\"width:375px;height:572px\" srcset=\"https:\/\/vincentavenelhypnose.com\/wp-content\/uploads\/2020\/09\/Affiche-salon-Beauce_092020.jpg 628w, https:\/\/vincentavenelhypnose.com\/wp-content\/uploads\/2020\/09\/Affiche-salon-Beauce_092020-196x300.jpg 196w\" sizes=\"auto, (max-width: 628px) 100vw, 628px\" \/><\/figure>\n\n\n\n<hr class=\"wp-block-separator has-text-color has-black-color has-alpha-channel-opacity has-black-background-color has-background is-style-wide\"\/>\n\n\n\n<figure class=\"wp-block-image size-large\"><img loading=\"lazy\" decoding=\"async\" width=\"506\" height=\"1024\" src=\"https:\/\/vincentavenelhypnose.com\/wp-content\/uploads\/2023\/02\/168648870_202079537987345_321394192701496722_n-min-e1677434565588-506x1024.jpg\" alt=\"\" class=\"wp-image-809\" srcset=\"https:\/\/vincentavenelhypnose.com\/wp-content\/uploads\/2023\/02\/168648870_202079537987345_321394192701496722_n-min-e1677434565588-506x1024.jpg 506w, https:\/\/vincentavenelhypnose.com\/wp-content\/uploads\/2023\/02\/168648870_202079537987345_321394192701496722_n-min-e1677434565588-148x300.jpg 148w, https:\/\/vincentavenelhypnose.com\/wp-content\/uploads\/2023\/02\/168648870_202079537987345_321394192701496722_n-min-e1677434565588.jpg 700w\" sizes=\"auto, (max-width: 506px) 100vw, 506px\" \/><\/figure>\n","protected":false},"excerpt":{"rendered":"<p>C&rsquo;est bient\u00f4t le SALON BIEN-ETRE et ARTISANAT \u00e0 Foug\u00e8res Je vous retrouve le samedi 4 mars (10h-20h) et le dimanche 5 mars (10h-18h) \u00e0 l&rsquo;Espace Aumaillerie \u00e0 Foug\u00e8res. Nous aurons tout loisir d&rsquo;\u00e9changer autour des techniques d&rsquo;accompagnement vers le mieux-\u00eatre que sont l&rsquo;hypnose, la PNL, l&rsquo;EFT, le magn\u00e9tisme. Venez avec vos attentes, vos questions, vos &hellip; <\/p>\n<p class=\"link-more\"><a href=\"https:\/\/vincentavenelhypnose.com\/index.php\/mon-actualite\/\" class=\"more-link\">Continuer la lecture<span class=\"screen-reader-text\"> de &laquo;&nbsp;Actualit\u00e9&nbsp;&raquo;<\/span><\/a><\/p>\n","protected":false},"author":1,"featured_media":0,"parent":0,"menu_order":0,"comment_status":"closed","ping_status":"closed","template":"","meta":{"_editorskit_title_hidden":false,"_editorskit_reading_time":2,"_editorskit_is_block_options_detached":false,"_editorskit_block_options_position":"{}","footnotes":""},"class_list":["post-432","page","type-page","status-publish","hentry"],"_links":{"self":[{"href":"https:\/\/vincentavenelhypnose.com\/index.php\/wp-json\/wp\/v2\/pages\/432","targetHints":{"allow":["GET"]}}],"collection":[{"href":"https:\/\/vincentavenelhypnose.com\/index.php\/wp-json\/wp\/v2\/pages"}],"about":[{"href":"https:\/\/vincentavenelhypnose.com\/index.php\/wp-json\/wp\/v2\/types\/page"}],"author":[{"embeddable":true,"href":"https:\/\/vincentavenelhypnose.com\/index.php\/wp-json\/wp\/v2\/users\/1"}],"replies":[{"embeddable":true,"href":"https:\/\/vincentavenelhypnose.com\/index.php\/wp-json\/wp\/v2\/comments?post=432"}],"version-history":[{"count":31,"href":"https:\/\/vincentavenelhypnose.com\/index.php\/wp-json\/wp\/v2\/pages\/432\/revisions"}],"predecessor-version":[{"id":938,"href":"https:\/\/vincentavenelhypnose.com\/index.php\/wp-json\/wp\/v2\/pages\/432\/revisions\/938"}],"wp:attachment":[{"href":"https:\/\/vincentavenelhypnose.com\/index.php\/wp-json\/wp\/v2\/media?parent=432"}],"curies":[{"name":"wp","href":"https:\/\/api.w.org\/{rel}","templated":true}]}}