{"id":367,"date":"2019-12-22T11:48:19","date_gmt":"2019-12-22T10:48:19","guid":{"rendered":"http:\/\/vincentavenelhypnose.com\/?page_id=367"},"modified":"2022-05-02T19:02:27","modified_gmt":"2022-05-02T17:02:27","slug":"deontologie","status":"publish","type":"page","link":"https:\/\/vincentavenelhypnose.com\/index.php\/deontologie\/","title":{"rendered":"Charte de D\u00e9ontologie"},"content":{"rendered":"\n<figure class=\"wp-block-image size-full is-resized\"><img loading=\"lazy\" decoding=\"async\" src=\"https:\/\/vincentavenelhypnose.com\/wp-content\/uploads\/2022\/05\/LOGO_100_100_SANS_TITRE_OK_SITE_2022.webp\" alt=\"\" class=\"wp-image-744\" width=\"98\" height=\"115\"\/><\/figure>\n\n\n\n<h3 class=\"has-text-color wp-block-heading\" style=\"color:#000000\">Adh\u00e9rent de <a rel=\"noreferrer noopener\" aria-label=\" (s\u2019ouvre dans un nouvel onglet)\" href=\"https:\/\/sup-h.org\/\" target=\"_blank\">SUP-H<\/a> (Syndicat Unitaire des Professionnels de l&rsquo;Hypnose)<\/h3>\n\n\n\n<h4 class=\"has-text-align-left wp-block-heading\">Cadre \u00e9thique et d\u00e9ontologique des pratiques de notre profession<\/h4>\n\n\n\n<p class=\"has-text-color\" style=\"color:#000000\"><em>La d\u00e9ontologie de notre profession est li\u00e9e \u00e0 l\u2019engagement envers nos patients, nos confr\u00e8res et nous-m\u00eames. En r\u00e9sum\u00e9, elle d\u00e9finit les fondements par rapport \u00e0 l\u2019int\u00e9grit\u00e9 de nos actes th\u00e9rapeutiques, nos actions de promotions envers notre profession, ainsi que nos engagements \u00e0 agir dans un sens favorable \u00e0 nos efforts communs.<\/em><\/p>\n\n\n\n<p class=\"has-text-color\" style=\"color:#000000\"><em>Notre d\u00e9claration a pour but d\u2019unifier la profession tout en tenant compte des particularit\u00e9s professionnelles propre \u00e0 chaque&nbsp;<\/em><strong><em>Coll\u00e8ge&nbsp;<\/em><\/strong><em>&nbsp;et \u00e0 chaque praticien. Dans cette d\u00e9claration, le terme&nbsp;<\/em><strong><em>\u00abpraticien\u00bb ou \u00ab&nbsp;th\u00e9rapeute&nbsp;\u00bb<\/em><\/strong><em>&nbsp;est utilis\u00e9 de mani\u00e8re g\u00e9n\u00e9rique pour d\u00e9signer toute personne ayant la capacit\u00e9 \u00e0 donner des conseils ou services li\u00e9s \u00e0 la&nbsp;<\/em><strong><em>psychoth\u00e9rapie ou \u00e0 l\u2019hypnose<\/em><\/strong><em>.<\/em><\/p>\n\n\n\n<p class=\"has-text-color\" style=\"color:#000000\"><strong><em>Le terme de \u00abPraticien\u00bb<\/em><\/strong><em>&nbsp;inclut toute personne qui a la possibilit\u00e9 d\u2019avoir le(s) R\u00f4le (s) de conseiller, hypnoth\u00e9rapeute, psychoth\u00e9rapeute, formateur ou enseignant, mentor, superviseurs, chercheurs.<\/em><\/p>\n\n\n\n<p class=\"has-text-color\" style=\"color:#000000\"><em>Les membres de notre&nbsp;organisation font appel aux comp\u00e9tences de ses membres gestionnaires.&nbsp; Ces derniers ont l\u2019obligation de rendre des comptes en fonction de leur r\u00f4le et ils se doivent de transmettre les&nbsp;\u00e9tudes men\u00e9es en rapport avec leur fonction et qualit\u00e9 au sein de notre structure.<\/em><\/p>\n\n\n\n<p class=\"has-text-color\" style=\"color:#000000\"><em>Nous devons sp\u00e9cifier que<\/em><strong><em>&nbsp;le terme \u00abclient\u00bb&nbsp;<\/em><\/strong><em>est utilis\u00e9 comme un terme g\u00e9n\u00e9rique pour d\u00e9finir un individu, un couple, une famille, un groupe, une organisation ou autre unit\u00e9 sociale. Des d\u00e9nominations synonymes pourront remplacer les termes \u00abpraticien\u00bb et \u00abclient\u00bb selon le contexte appropri\u00e9.&nbsp;Cette d\u00e9claration refl\u00e8te la diversit\u00e9 \u00e9thique de notre monde actuel pluriculturel en tenant compte des valeurs, principes et qualit\u00e9s morales personnelles des clients.<\/em><\/p>\n\n\n\n<p class=\"has-text-color\" style=\"color:#000000\"><strong><em>Notre approche \u00e9thique est en relation avec le monde et ouverte sur le monde.<\/em><\/strong><em>&nbsp;Les principes \u00e9thiques doivent&nbsp; \u00eatre examin\u00e9s \u00e0 la lumi\u00e8re des d\u00e9cisions et des actions particuli\u00e8res sur des cas sp\u00e9cifiques, les buts \u00e9tant de ne pas nuire au travail th\u00e9rapeutique engag\u00e9.<\/em><\/p>\n\n\n\n<p class=\"has-text-color\" style=\"color:#000000\"><em>Effectuer la th\u00e9rapie la plus appropri\u00e9e possible est une pr\u00e9occupation \u00e9thique essentielle.&nbsp;Les besoins des clients \u00e9tant tr\u00e8s divers il est souvent plus appropri\u00e9&nbsp;d\u2019interpr\u00e9ter l\u2019\u00e9thique en termes de valeurs personnelles et professionnelles.<\/em><\/p>\n\n\n\n<p><strong>No<em>us souhaitons que chacun se sente profond\u00e9ment&nbsp;responsable par rapport au respect d\u2019un certain nombre de principes incontournables&nbsp;:<\/em><\/strong><\/p>\n\n\n\n<p class=\"has-text-color\" style=\"color:#000000\">\u2013&nbsp;<em>Le respect de la confidentialit\u00e9 de la th\u00e9rapie.<br>\u2013 Responsabilit\u00e9 envers ses clients, ses patients, sujets.<br>\u2013 Entraide, soutien envers ses confr\u00e8res et\/ou co-superviseur.<br>\u2013 Ecoute et bienveillance<br>\u2013 Mise \u00e0 jour de ses connaissances<br>\u2013 R\u00e9visions ou formations continues, supervision avec un formateur ou une personne plus exp\u00e9riment\u00e9e et co-vision entre th\u00e9rapeutes de niveau d\u2019\u00e9tude \u00e9quivalent.<br>\u2013 Mise en place de th\u00e9rapies ou pratiques efficientes.<\/em><\/p>\n\n\n\n<p class=\"has-text-color\" style=\"color:#000000\"><em><strong>Dans le cas o\u00f9 la th\u00e9rapie ne serait pas suffisamment adapt\u00e9e \u00e0 la personne&nbsp;:<\/strong><\/em><\/p>\n\n\n\n<p class=\"has-text-color\" style=\"color:#000000\"><em>\u2013 S\u2019engager \u00e0 mettre en place des outils ma\u00eetris\u00e9s, efficients et utiles pour la personne.<br>\u2013 S\u2019engager \u00e0 ne pas aller au-del\u00e0 de notre champ d\u2019action, nos champs de comp\u00e9tence et en informer en temps utile le client afin de l\u2019orienter vers un conf\u00e8re plus exp\u00e9riment\u00e9 (un professionnel de la sant\u00e9 ou un superviseur ayant des savoirs et\/ou des outils plus adapt\u00e9s et plus sp\u00e9cifiques).<br>\u2013 S\u2019engager \u00e0 comprendre les objectifs, les demandes des clients en toute impartialit\u00e9.<\/em><\/p>\n\n\n\n<p class=\"has-very-light-gray-background-color has-text-color has-background\" style=\"color:#000000\"><strong>En r\u00e9sum\u00e9 : les valeurs fondamentales d&rsquo;engagement<\/strong><br>Respecter les droits des clients<br>Prot\u00e9ger la s\u00e9curit\u00e9 des clients<br>Soulager la d\u00e9tresse et la souffrance<br>Aider la personne \u00e0 se construire ou \u00e0 se reconstruire<br>Acc\u00e9der \u00e0 l&rsquo;expertise pour traiter des cas sp\u00e9cifiques<br>Accepter la diversit\u00e9 des exp\u00e9riences humaines<br>Valoriser les sp\u00e9cificit\u00e9s professionnelles<br>Encourager les diversit\u00e9s culturelles<br>R\u00e9aliser une s\u00e9ance de qualit\u00e9<br>Am\u00e9liorer ses propres connaissances th\u00e9oriques et pratiques<\/p>\n","protected":false},"excerpt":{"rendered":"<p>Adh\u00e9rent de SUP-H (Syndicat Unitaire des Professionnels de l&rsquo;Hypnose) Cadre \u00e9thique et d\u00e9ontologique des pratiques de notre profession La d\u00e9ontologie de notre profession est li\u00e9e \u00e0 l\u2019engagement envers nos patients, nos confr\u00e8res et nous-m\u00eames. En r\u00e9sum\u00e9, elle d\u00e9finit les fondements par rapport \u00e0 l\u2019int\u00e9grit\u00e9 de nos actes th\u00e9rapeutiques, nos actions de promotions envers notre profession, &hellip; <\/p>\n<p class=\"link-more\"><a href=\"https:\/\/vincentavenelhypnose.com\/index.php\/deontologie\/\" class=\"more-link\">Continuer la lecture<span class=\"screen-reader-text\"> de &laquo;&nbsp;Charte de D\u00e9ontologie&nbsp;&raquo;<\/span><\/a><\/p>\n","protected":false},"author":1,"featured_media":0,"parent":0,"menu_order":0,"comment_status":"closed","ping_status":"closed","template":"","meta":{"_editorskit_title_hidden":false,"_editorskit_reading_time":2,"_editorskit_is_block_options_detached":false,"_editorskit_block_options_position":"{}","footnotes":""},"class_list":["post-367","page","type-page","status-publish","hentry"],"_links":{"self":[{"href":"https:\/\/vincentavenelhypnose.com\/index.php\/wp-json\/wp\/v2\/pages\/367","targetHints":{"allow":["GET"]}}],"collection":[{"href":"https:\/\/vincentavenelhypnose.com\/index.php\/wp-json\/wp\/v2\/pages"}],"about":[{"href":"https:\/\/vincentavenelhypnose.com\/index.php\/wp-json\/wp\/v2\/types\/page"}],"author":[{"embeddable":true,"href":"https:\/\/vincentavenelhypnose.com\/index.php\/wp-json\/wp\/v2\/users\/1"}],"replies":[{"embeddable":true,"href":"https:\/\/vincentavenelhypnose.com\/index.php\/wp-json\/wp\/v2\/comments?post=367"}],"version-history":[{"count":17,"href":"https:\/\/vincentavenelhypnose.com\/index.php\/wp-json\/wp\/v2\/pages\/367\/revisions"}],"predecessor-version":[{"id":752,"href":"https:\/\/vincentavenelhypnose.com\/index.php\/wp-json\/wp\/v2\/pages\/367\/revisions\/752"}],"wp:attachment":[{"href":"https:\/\/vincentavenelhypnose.com\/index.php\/wp-json\/wp\/v2\/media?parent=367"}],"curies":[{"name":"wp","href":"https:\/\/api.w.org\/{rel}","templated":true}]}}