{"id":2,"date":"2019-11-20T12:30:19","date_gmt":"2019-11-20T11:30:19","guid":{"rendered":"http:\/\/vincentavenelhypnose.com\/?page_id=2"},"modified":"2025-10-17T12:17:23","modified_gmt":"2025-10-17T10:17:23","slug":"page-d-exemple","status":"publish","type":"page","link":"https:\/\/vincentavenelhypnose.com\/","title":{"rendered":"Accueil"},"content":{"rendered":"\n<p class=\"has-text-align-center has-black-color has-text-color has-background has-medium-font-size\" style=\"background-color:#efefef;line-height:1.1\"><strong>Vincent AVENEL<\/strong><br>Hypnose Ericksonienne &#8211; PNL &#8211; EFT &#8211; Magn\u00e9tisme<br>65 avenue de la Verrerie &#8211; Foug\u00e8res<br>06.49.66.05.83<\/p>\n\n\n\n<hr class=\"wp-block-separator has-css-opacity is-style-wide\"\/>\n\n\n\n<p class=\"has-black-color has-text-color\">Praticien en <a class=\"ek-link\" href=\"https:\/\/vincentavenelhypnose.com\/index.php\/hypnose\/\">Hypnose <\/a>Ericksonienne (form\u00e9 \u00e0 l&rsquo;\u00e9cole <a href=\"https:\/\/www.psynapse.fr\/\">Psynapse<\/a> )<br>Praticien en <a class=\"ek-link\" href=\"https:\/\/vincentavenelhypnose.com\/index.php\/le-magnetisme\/\">Magn\u00e9tisme<\/a><br>Praticien en <a class=\"ek-link\" href=\"https:\/\/vincentavenelhypnose.com\/index.php\/pnl\/\">PNL <\/a>(Programmation Neuro-Linguistique &#8211; form\u00e9 \u00e0 l&rsquo;\u00e9cole <a href=\"https:\/\/www.psynapse.fr\/\">Psynapse<\/a> )<br>Praticien en <a class=\"ek-link\" href=\"https:\/\/vincentavenelhypnose.com\/index.php\/eft\/\">EFT <\/a>(Emotional Freedom Techniques -Techniques de Lib\u00e9ration Emotionnelle)<br>Harmonisateur Certifi\u00e9  HAARPE <strong>\u2122<\/strong><br>Certifi\u00e9 par la\u00a0<a aria-label=\" (opens in a new tab)\" class=\"ek-link\" href=\"https:\/\/psynapse.fr\/certifications-hypnose-pnl\/national-guild-hypnotists-ngh\/\" target=\"_blank\" rel=\"noreferrer noopener\">NGH\u00a0<\/a>(National Guild of Hypnotists) <br>Adh\u00e9rent de\u00a0<a aria-label=\" (s\u2019ouvre dans un nouvel onglet)\" class=\"ek-link\" href=\"https:\/\/vincentavenelhypnose.com\/wp-admin\/post.php?post=367&amp;action=edit\" target=\"_blank\" rel=\"noreferrer noopener\">SUP-H<\/a>\u00a0(Syndicat Unitaire des Professionnels de l\u2019Hypnose)<br>Adh\u00e9rent de <a class=\"ek-link\" href=\"https:\/\/syndicat-hypnose.com\/\">SDMH <\/a>(Syndicat des M\u00e9tiers de l&rsquo;Hypnose)<\/p>\n\n\n\n<hr class=\"wp-block-separator has-css-opacity is-style-wide\"\/>\n\n\n\n<h3 class=\"wp-block-heading has-text-color\" id=\"parmi-mes-domaines-d-accompagnement\" style=\"color:#000000\"><strong>PARMI MES DOMAINES D&rsquo;ACCOMPAGNEMENT<\/strong><\/h3>\n\n\n\n<p class=\"has-very-dark-gray-color has-text-color\"><strong>&#8211; troubles du sommeil, migraines, insomnies<br>&#8211; arr\u00eat du tabac<br>&#8211; prise en charge des addictions (alcool, drogues, jeu&#8230;)<br>&#8211; gestion de l\u2019anxi\u00e9t\u00e9, des peurs, des phobies, des troubles psychosomatiques<br>&#8211; r\u00e9ajustement du poids pour retrouver un poids de forme<br>&#8211; gestion des traumatismes du pass\u00e9 ou des \u00e9motions r\u00e9siduelles<br>&#8211; deuil, s\u00e9paration, d\u00e9pendances affectives<br>&#8211; timidit\u00e9, pr\u00e9parations aux examens et concours, difficult\u00e9s scolaires, difficult\u00e9s professionnelles<br>&#8211; gestion des douleurs chroniques et aig\u00fces<br>&#8211; maladies de la peau (psoriasis, zona, dermatite atopique, molluscums, verrues, acn\u00e9, herp\u00e8s, ecz\u00e9ma&#8230;)<br>&#8211; allergies<br>&#8211; br\u00fblures diverses<br>&#8211; etc.<\/strong><\/p>\n\n\n\n<p class=\"has-black-color has-very-light-gray-background-color has-text-color has-background\"><em>L\u2019hypnoth\u00e9rapie, la PNL, l&rsquo;EFT et le magn\u00e9tisme s\u2019inscrivent dans la relation d\u2019aide, hors cadre m\u00e9dical et r\u00e9glement\u00e9. Elles ne se substituent \u00e0 aucun avis, acte ou traitement m\u00e9dical dont elles peuvent peut-\u00eatre compl\u00e9mentaires. Si vous suivez un traitement m\u00e9dical, ce dernier est \u00e0 maintenir rigoureusement. Consultez votre m\u00e9decin traitant &nbsp;avant de l&rsquo;interrompre ou de le r\u00e9duire.  La prestation d\u00e9livr\u00e9e par votre professionnel ne fait pas l\u2019objet d\u2019un conventionnement. D\u00e8s lors, elle n\u2019est pas prise en charge par la s\u00e9curit\u00e9 sociale. Le montant des honoraires fix\u00e9 est cependant d\u00e9termin\u00e9 avec tact et mesure.<\/em><\/p>\n\n\n\n<p><strong>Remboursement<\/strong><br>Certaines mutuelles prennent en charge les s\u00e9ances d&rsquo;hypnose.<br>N&rsquo;h\u00e9sitez pas \u00e0 <strong>vous renseigner aupr\u00e8s de votre mutuelle <\/strong>et \u00e0 me demander une facture que vous pourrez transmettre.<\/p>\n\n\n\n<p class=\"has-black-color has-text-color has-normal-font-size\"><strong>M\u00c9DIATION DE LA CONSOMMATION<\/strong><br>REGLEMENT AMIABLE DES LITIGES &#8211; MEDIATION DE LA CONSOMMATION<br>Conform\u00e9ment aux dispositions des articles L 611-1 et R 612-1 et suivants du Code de la Consommation concernant le r\u00e8glement amiable des litiges:<br>Lorsque le consommateur a adress\u00e9 une r\u00e9clamation \u00e9crite au professionnel et qu&rsquo;il n&rsquo;a pas obtenu satisfaction ou de r\u00e9ponse dans un d\u00e9lai de deux mois, il peut soumettre gratuitement sa r\u00e9clamation au m\u00e9diateur de la consommation. Le m\u00e9diateur doit \u00eatre saisi dans le d\u00e9lai maximal d&rsquo;un an \u00e0 compter de la r\u00e9clamation initiale.<br>Le m\u00e9diateur MCP MEDIATION peut \u00eatre saisi directement en ligne \u00e0 l&rsquo;adresse suivante : www.mcpmediation.org ou par courrier \u00e0 M\u00c9DIATION DE LA CONSOMMATION et PATRIMOINE &#8211; 12 Square Desnouettes &#8211; 75015 PARIS<\/p>\n\n\n\n<p class=\"has-black-color has-text-color has-normal-font-size\"><\/p>\n\n\n\n<p class=\"has-normal-font-size\"><\/p>\n","protected":false},"excerpt":{"rendered":"<p>Vincent AVENELHypnose Ericksonienne &#8211; PNL &#8211; EFT &#8211; Magn\u00e9tisme65 avenue de la Verrerie &#8211; Foug\u00e8res06.49.66.05.83 Praticien en Hypnose Ericksonienne (form\u00e9 \u00e0 l&rsquo;\u00e9cole Psynapse )Praticien en Magn\u00e9tismePraticien en PNL (Programmation Neuro-Linguistique &#8211; form\u00e9 \u00e0 l&rsquo;\u00e9cole Psynapse )Praticien en EFT (Emotional Freedom Techniques -Techniques de Lib\u00e9ration Emotionnelle)Harmonisateur Certifi\u00e9 HAARPE \u2122Certifi\u00e9 par la\u00a0NGH\u00a0(National Guild of Hypnotists) Adh\u00e9rent de\u00a0SUP-H\u00a0(Syndicat &hellip; <\/p>\n<p class=\"link-more\"><a href=\"https:\/\/vincentavenelhypnose.com\/\" class=\"more-link\">Continuer la lecture<span class=\"screen-reader-text\"> de &laquo;&nbsp;Accueil&nbsp;&raquo;<\/span><\/a><\/p>\n","protected":false},"author":1,"featured_media":0,"parent":0,"menu_order":0,"comment_status":"closed","ping_status":"closed","template":"","meta":{"_editorskit_title_hidden":false,"_editorskit_reading_time":2,"_editorskit_is_block_options_detached":false,"_editorskit_block_options_position":"{}","footnotes":""},"class_list":["post-2","page","type-page","status-publish","hentry"],"_links":{"self":[{"href":"https:\/\/vincentavenelhypnose.com\/index.php\/wp-json\/wp\/v2\/pages\/2","targetHints":{"allow":["GET"]}}],"collection":[{"href":"https:\/\/vincentavenelhypnose.com\/index.php\/wp-json\/wp\/v2\/pages"}],"about":[{"href":"https:\/\/vincentavenelhypnose.com\/index.php\/wp-json\/wp\/v2\/types\/page"}],"author":[{"embeddable":true,"href":"https:\/\/vincentavenelhypnose.com\/index.php\/wp-json\/wp\/v2\/users\/1"}],"replies":[{"embeddable":true,"href":"https:\/\/vincentavenelhypnose.com\/index.php\/wp-json\/wp\/v2\/comments?post=2"}],"version-history":[{"count":136,"href":"https:\/\/vincentavenelhypnose.com\/index.php\/wp-json\/wp\/v2\/pages\/2\/revisions"}],"predecessor-version":[{"id":937,"href":"https:\/\/vincentavenelhypnose.com\/index.php\/wp-json\/wp\/v2\/pages\/2\/revisions\/937"}],"wp:attachment":[{"href":"https:\/\/vincentavenelhypnose.com\/index.php\/wp-json\/wp\/v2\/media?parent=2"}],"curies":[{"name":"wp","href":"https:\/\/api.w.org\/{rel}","templated":true}]}}