{"id":112,"date":"2019-11-23T11:48:39","date_gmt":"2019-11-23T10:48:39","guid":{"rendered":"http:\/\/vincentavenelhypnose.com\/?page_id=112"},"modified":"2025-03-25T10:11:09","modified_gmt":"2025-03-25T09:11:09","slug":"deroulement","status":"publish","type":"page","link":"https:\/\/vincentavenelhypnose.com\/index.php\/deroulement\/","title":{"rendered":"D\u00e9roulement d&rsquo;une s\u00e9ance en hypnose, PNL, EFT"},"content":{"rendered":"\n<h2 class=\"wp-block-heading has-very-dark-gray-color has-text-color\" id=\"avant-la-seance\"><strong>Avant la s\u00e9ance<\/strong><\/h2>\n\n\n\n<p>Avant de nous rencontrer la premi\u00e8re fois, nous aurons une br\u00e8ve conversation t\u00e9l\u00e9phonique si cela est possible, ce qui nous permettra d&rsquo;\u00e9changer sur vos attentes. Vous restez libre de ne pas entrer dans les d\u00e9tails pendant cet \u00e9change (je vous demanderai au minimum de me donner vos nom, pr\u00e9nom et num\u00e9ro de t\u00e9l\u00e9phone). Vous aurez \u00e9galement toutes les informations pratiques afin que vous puissiez vous concentrer sur la r\u00e9alisation de votre objectif. <\/p>\n\n\n\n<h2 class=\"wp-block-heading has-very-dark-gray-color has-text-color\" id=\"pendant-la-seance\"><strong>Pendant la s\u00e9ance<\/strong><\/h2>\n\n\n\n<p>Chaque s\u00e9ance commence toujours par un \u00e9change qui vous permet de pr\u00e9ciser votre objectif et qui me donne des indications sur la mani\u00e8re de vous accompagner au mieux.<\/p>\n\n\n\n<p>Pour le travail th\u00e9rapeutique, je dispose d&rsquo;outils comme <a href=\"https:\/\/vincentavenelhypnose.com\/index.php\/hypnose\/\">l&rsquo;Hypnose Ericksonienne<\/a>, <a href=\"https:\/\/vincentavenelhypnose.com\/index.php\/pnl\/\">la Programmation Neuro-Linguistique<\/a>, <a href=\"https:\/\/vincentavenelhypnose.com\/index.php\/eft\/\">l&rsquo;EFT<\/a>, etc. <br>Chaque technique ou protocole employ\u00e9 est mis en place dans le respect de vos choix et sans contrainte. Si vous avez des questions au cours du travail th\u00e9rapeutique, j&rsquo;y r\u00e9pondrai volontiers en veillant \u00e0 ce que \u00e7a ne vienne pas perturber l&rsquo;accompagnement. <br>La dur\u00e9e d&rsquo;une s\u00e9ance est d&rsquo;environ 1h30.<\/p>\n\n\n\n<p>Pour une demande d&rsquo;accompagnement en magn\u00e9tisme seulement, la s\u00e9ance dure 1h.<\/p>\n\n\n\n<p><span style=\"text-decoration: underline;\">Pour les enfants<\/span>, la dur\u00e9e de la s\u00e9ance est adapt\u00e9e si n\u00e9cessaire.<\/p>\n\n\n\n<h2 class=\"wp-block-heading has-very-dark-gray-color has-text-color\" id=\"apres-la-seance\"><strong>Apr\u00e8s la s\u00e9ance<\/strong><\/h2>\n\n\n\n<p>Selon votre demande et la mani\u00e8re dont s\u2019est d\u00e9roul\u00e9e votre  premi\u00e8re s\u00e9ance, nous reprendrons ou non un rendez-vous. G\u00e9n\u00e9ralement, nous tombons  ais\u00e9ment d\u2019accord sur cela. Les  s\u00e9ances, s\u2019il y en a plusieurs, sont espac\u00e9es de plusieurs jours ou semaines suivant l&rsquo;objectif d\u00e9termin\u00e9, afin  de vous permettre d\u2019int\u00e9grer les changements.<\/p>\n\n\n\n<p>Entre chaque s\u00e9ance, je reste \u00e0 votre disposition pour \u00e9changer si vous avez des questions, des interrogations, des ressentis et changements \u00e0 partager.<\/p>\n","protected":false},"excerpt":{"rendered":"<p>Avant la s\u00e9ance Avant de nous rencontrer la premi\u00e8re fois, nous aurons une br\u00e8ve conversation t\u00e9l\u00e9phonique si cela est possible, ce qui nous permettra d&rsquo;\u00e9changer sur vos attentes. Vous restez libre de ne pas entrer dans les d\u00e9tails pendant cet \u00e9change (je vous demanderai au minimum de me donner vos nom, pr\u00e9nom et num\u00e9ro de &hellip; <\/p>\n<p class=\"link-more\"><a href=\"https:\/\/vincentavenelhypnose.com\/index.php\/deroulement\/\" class=\"more-link\">Continuer la lecture<span class=\"screen-reader-text\"> de &laquo;&nbsp;D\u00e9roulement d&rsquo;une s\u00e9ance en hypnose, PNL, EFT&nbsp;&raquo;<\/span><\/a><\/p>\n","protected":false},"author":1,"featured_media":0,"parent":0,"menu_order":0,"comment_status":"closed","ping_status":"closed","template":"","meta":{"_editorskit_title_hidden":false,"_editorskit_reading_time":1,"_editorskit_is_block_options_detached":false,"_editorskit_block_options_position":"{}","footnotes":""},"class_list":["post-112","page","type-page","status-publish","hentry"],"_links":{"self":[{"href":"https:\/\/vincentavenelhypnose.com\/index.php\/wp-json\/wp\/v2\/pages\/112","targetHints":{"allow":["GET"]}}],"collection":[{"href":"https:\/\/vincentavenelhypnose.com\/index.php\/wp-json\/wp\/v2\/pages"}],"about":[{"href":"https:\/\/vincentavenelhypnose.com\/index.php\/wp-json\/wp\/v2\/types\/page"}],"author":[{"embeddable":true,"href":"https:\/\/vincentavenelhypnose.com\/index.php\/wp-json\/wp\/v2\/users\/1"}],"replies":[{"embeddable":true,"href":"https:\/\/vincentavenelhypnose.com\/index.php\/wp-json\/wp\/v2\/comments?post=112"}],"version-history":[{"count":35,"href":"https:\/\/vincentavenelhypnose.com\/index.php\/wp-json\/wp\/v2\/pages\/112\/revisions"}],"predecessor-version":[{"id":893,"href":"https:\/\/vincentavenelhypnose.com\/index.php\/wp-json\/wp\/v2\/pages\/112\/revisions\/893"}],"wp:attachment":[{"href":"https:\/\/vincentavenelhypnose.com\/index.php\/wp-json\/wp\/v2\/media?parent=112"}],"curies":[{"name":"wp","href":"https:\/\/api.w.org\/{rel}","templated":true}]}}